{"id":3086,"date":"2023-02-01T09:18:56","date_gmt":"2023-02-01T15:18:56","guid":{"rendered":"https:\/\/tamazuladegordiano.gob.mx\/new\/?page_id=3086"},"modified":"2026-01-27T09:11:29","modified_gmt":"2026-01-27T15:11:29","slug":"videos-sesiones-ayuntamiento","status":"publish","type":"page","link":"https:\/\/tamazuladegordiano.gob.mx\/new\/videos-sesiones-ayuntamiento\/","title":{"rendered":"Videos Sesiones Ayuntamiento"},"content":{"rendered":"\n<p class=\"has-text-align-center\"><strong><a href=\"https:\/\/www.youtube.com\/watch?v=iA83Ow3O7iU&amp;list=PLp0cyfA25iPngH3L5Uo9itidSspawAV6D&amp;pp=gAQBsAgC\">Sesiones A\u00f1o 2026<\/a><\/strong><\/p>\n\n\n\n<p class=\"has-text-align-center\"><strong><a href=\"https:\/\/www.youtube.com\/playlist?list=PLp0cyfA25iPmrPRtTCUsAeXM0dYrlNQrA\" target=\"_blank\" rel=\"noreferrer noopener\">Sesiones A\u00f1o 2025<\/a><\/strong><\/p>\n\n\n\n<p class=\"has-text-align-center\"><strong><a rel=\"noreferrer noopener\" href=\"https:\/\/www.youtube.com\/playlist?list=PLp0cyfA25iPkzBOS4ZJz-A4f2c5XbLVgy\" target=\"_blank\">Sesiones A\u00f1o 2024<\/a><\/strong><\/p>\n\n\n\n<p class=\"has-text-align-center\"><a rel=\"noreferrer noopener\" href=\"https:\/\/www.youtube.com\/playlist?list=PLp0cyfA25iPkYN5EPYomDhGyaZqIRNlsu\" data-type=\"URL\" data-id=\"https:\/\/www.youtube.com\/playlist?list=PLp0cyfA25iPkYN5EPYomDhGyaZqIRNlsu\" target=\"_blank\"><strong>Sesiones A\u00f1o 2023<\/strong><\/a><\/p>\n\n\n\n<p class=\"has-text-align-center\"><a rel=\"noreferrer noopener\" href=\"https:\/\/www.youtube.com\/playlist?list=PLp0cyfA25iPkYEP4IMVnVgZJCk8eDaAum\" data-type=\"URL\" data-id=\"https:\/\/www.youtube.com\/playlist?list=PLp0cyfA25iPkYEP4IMVnVgZJCk8eDaAum\" target=\"_blank\"><strong>Sesiones A\u00f1o 2022<\/strong><\/a><\/p>\n\n\n\n<p class=\"has-text-align-center\"><strong><a href=\"https:\/\/www.youtube.com\/playlist?list=PLp0cyfA25iPmxhDMMoHC_bY_bVPJsyf3i\" data-type=\"URL\" data-id=\"https:\/\/www.youtube.com\/playlist?list=PLp0cyfA25iPmxhDMMoHC_bY_bVPJsyf3i\" target=\"_blank\" rel=\"noreferrer noopener\">Sesiones A\u00f1o 2021<\/a><\/strong><\/p>\n\n\n\n<p class=\"has-text-align-center\"><strong><a href=\"https:\/\/www.youtube.com\/playlist?list=PLp0cyfA25iPn8WEauYvrVGDFdLR4oEq0j\" data-type=\"URL\" data-id=\"https:\/\/www.youtube.com\/playlist?list=PLp0cyfA25iPn8WEauYvrVGDFdLR4oEq0j\" target=\"_blank\" rel=\"noreferrer noopener\">Sesiones A\u00f1o 2020<\/a><\/strong><\/p>\n\n\n\n<p class=\"has-text-align-center\"><strong><a href=\"https:\/\/www.youtube.com\/playlist?list=PLp0cyfA25iPnpW9Fk37dreM7IZRf7MvRQ\" data-type=\"URL\" data-id=\"https:\/\/www.youtube.com\/playlist?list=PLp0cyfA25iPnpW9Fk37dreM7IZRf7MvRQ\" target=\"_blank\" rel=\"noreferrer noopener\">Sesiones A\u00f1o 2019<\/a><\/strong><\/p>\n\n\n\n<p class=\"has-text-align-center\"><strong><a href=\"https:\/\/www.youtube.com\/playlist?list=PLp0cyfA25iPmEWoQuslEeONUS1E5aN9hh\" data-type=\"URL\" data-id=\"https:\/\/www.youtube.com\/playlist?list=PLp0cyfA25iPmEWoQuslEeONUS1E5aN9hh\" target=\"_blank\" rel=\"noreferrer noopener\">Sesiones A\u00f1o 2018<\/a><\/strong><\/p>\n\n\n\n<p class=\"has-text-align-center\"><strong><a rel=\"noreferrer noopener\" href=\"https:\/\/www.youtube.com\/playlist?list=PLMOMJy6Lv3-QCD51j27o2OMfh_MnSPrEM\" data-type=\"URL\" data-id=\"https:\/\/www.youtube.com\/playlist?list=PLMOMJy6Lv3-QCD51j27o2OMfh_MnSPrEM\" target=\"_blank\">Sesiones A\u00f1o 2018 <\/a><\/strong><br><strong><a rel=\"noreferrer noopener\" href=\"https:\/\/www.youtube.com\/playlist?list=PLMOMJy6Lv3-QCD51j27o2OMfh_MnSPrEM\" data-type=\"URL\" data-id=\"https:\/\/www.youtube.com\/playlist?list=PLMOMJy6Lv3-QCD51j27o2OMfh_MnSPrEM\" target=\"_blank\">(enero &#8211; septiembre)<\/a><\/strong><\/p>\n\n\n\n<p class=\"has-text-align-center\"><strong><a href=\"https:\/\/www.youtube.com\/playlist?list=PLMOMJy6Lv3-RrqK5v8NPqzy5_D4ZRnlQY\" data-type=\"URL\" data-id=\"https:\/\/www.youtube.com\/playlist?list=PLMOMJy6Lv3-RrqK5v8NPqzy5_D4ZRnlQY\" target=\"_blank\" rel=\"noreferrer noopener\">Sesiones A\u00f1o 2017<\/a><\/strong><\/p>\n\n\n\n<p class=\"has-text-align-center\"><a rel=\"noreferrer noopener\" href=\"https:\/\/www.youtube.com\/playlist?list=PLMOMJy6Lv3-TSOsWTOX0Z4KfXjjpBI9N8\" data-type=\"URL\" data-id=\"https:\/\/www.youtube.com\/playlist?list=PLMOMJy6Lv3-TSOsWTOX0Z4KfXjjpBI9N8\" target=\"_blank\"><strong>Sesiones A\u00f1o 2016<\/strong><\/a><\/p>\n\n\n\n<p class=\"has-text-align-center\"><a rel=\"noreferrer noopener\" href=\"https:\/\/www.youtube.com\/playlist?list=PLMOMJy6Lv3-RJXZBznV_7XuP1NbibjoXw\" data-type=\"URL\" data-id=\"https:\/\/www.youtube.com\/playlist?list=PLMOMJy6Lv3-RJXZBznV_7XuP1NbibjoXw\" target=\"_blank\"><strong>Sesiones A\u00f1o 2015<\/strong><\/a><\/p>\n","protected":false},"excerpt":{"rendered":"<p>Sesiones A\u00f1o 2026 Sesiones A\u00f1o 2025 Sesiones A\u00f1o 2024 Sesiones A\u00f1o 2023 Sesiones A\u00f1o 2022 Sesiones A\u00f1o 2021 Sesiones A\u00f1o [&hellip;]<\/p>\n","protected":false},"author":1,"featured_media":0,"parent":0,"menu_order":0,"comment_status":"closed","ping_status":"closed","template":"","meta":{"site-sidebar-layout":"default","site-content-layout":"","ast-site-content-layout":"default","site-content-style":"default","site-sidebar-style":"default","ast-global-header-display":"","ast-banner-title-visibility":"","ast-main-header-display":"","ast-hfb-above-header-display":"","ast-hfb-below-header-display":"","ast-hfb-mobile-header-display":"","site-post-title":"","ast-breadcrumbs-content":"","ast-featured-img":"","footer-sml-layout":"","ast-disable-related-posts":"","theme-transparent-header-meta":"","adv-header-id-meta":"","stick-header-meta":"","header-above-stick-meta":"","header-main-stick-meta":"","header-below-stick-meta":"","astra-migrate-meta-layouts":"set","ast-page-background-enabled":"default","ast-page-background-meta":{"desktop":{"background-color":"","background-image":"","background-repeat":"repeat","background-position":"center center","background-size":"auto","background-attachment":"scroll","background-type":"","background-media":"","overlay-type":"","overlay-color":"","overlay-opacity":"","overlay-gradient":""},"tablet":{"background-color":"","background-image":"","background-repeat":"repeat","background-position":"center center","background-size":"auto","background-attachment":"scroll","background-type":"","background-media":"","overlay-type":"","overlay-color":"","overlay-opacity":"","overlay-gradient":""},"mobile":{"background-color":"","background-image":"","background-repeat":"repeat","background-position":"center center","background-size":"auto","background-attachment":"scroll","background-type":"","background-media":"","overlay-type":"","overlay-color":"","overlay-opacity":"","overlay-gradient":""}},"ast-content-background-meta":{"desktop":{"background-color":"var(--ast-global-color-5)","background-image":"","background-repeat":"repeat","background-position":"center center","background-size":"auto","background-attachment":"scroll","background-type":"","background-media":"","overlay-type":"","overlay-color":"","overlay-opacity":"","overlay-gradient":""},"tablet":{"background-color":"var(--ast-global-color-5)","background-image":"","background-repeat":"repeat","background-position":"center center","background-size":"auto","background-attachment":"scroll","background-type":"","background-media":"","overlay-type":"","overlay-color":"","overlay-opacity":"","overlay-gradient":""},"mobile":{"background-color":"var(--ast-global-color-5)","background-image":"","background-repeat":"repeat","background-position":"center center","background-size":"auto","background-attachment":"scroll","background-type":"","background-media":"","overlay-type":"","overlay-color":"","overlay-opacity":"","overlay-gradient":""}}},"_links":{"self":[{"href":"https:\/\/tamazuladegordiano.gob.mx\/new\/wp-json\/wp\/v2\/pages\/3086"}],"collection":[{"href":"https:\/\/tamazuladegordiano.gob.mx\/new\/wp-json\/wp\/v2\/pages"}],"about":[{"href":"https:\/\/tamazuladegordiano.gob.mx\/new\/wp-json\/wp\/v2\/types\/page"}],"author":[{"embeddable":true,"href":"https:\/\/tamazuladegordiano.gob.mx\/new\/wp-json\/wp\/v2\/users\/1"}],"replies":[{"embeddable":true,"href":"https:\/\/tamazuladegordiano.gob.mx\/new\/wp-json\/wp\/v2\/comments?post=3086"}],"version-history":[{"count":14,"href":"https:\/\/tamazuladegordiano.gob.mx\/new\/wp-json\/wp\/v2\/pages\/3086\/revisions"}],"predecessor-version":[{"id":6127,"href":"https:\/\/tamazuladegordiano.gob.mx\/new\/wp-json\/wp\/v2\/pages\/3086\/revisions\/6127"}],"wp:attachment":[{"href":"https:\/\/tamazuladegordiano.gob.mx\/new\/wp-json\/wp\/v2\/media?parent=3086"}],"curies":[{"name":"wp","href":"https:\/\/api.w.org\/{rel}","templated":true}]}}