{"id":2488,"date":"2023-01-27T10:09:53","date_gmt":"2023-01-27T16:09:53","guid":{"rendered":"https:\/\/tamazuladegordiano.gob.mx\/new\/?page_id=2488"},"modified":"2026-04-10T13:33:13","modified_gmt":"2026-04-10T19:33:13","slug":"home-2023-2","status":"publish","type":"page","link":"https:\/\/tamazuladegordiano.gob.mx\/new\/","title":{"rendered":"Gobierno de Tamazula &#8211; Inicio"},"content":{"rendered":"\n<div class=\"wp-block-cover alignfull is-light\" style=\"min-height:661px\"><span aria-hidden=\"true\" class=\"wp-block-cover__background has-background-dim-0 has-background-dim\"><\/span><video class=\"wp-block-cover__video-background intrinsic-ignore\" autoplay muted loop playsinline src=\"https:\/\/tamazuladegordiano.gob.mx\/new\/wp-content\/uploads\/2025\/08\/vuelo-web.mp4\" data-object-fit=\"cover\"><\/video><div class=\"wp-block-cover__inner-container\">\n<p><\/p>\n<\/div><\/div>\n\n\n\n<div class=\"wp-block-columns is-layout-flex wp-container-6\">\n<div class=\"wp-block-column is-layout-flow\">\n<figure class=\"wp-duotone-unset-1 wp-block-image aligncenter size-full is-resized is-style-default\"><a href=\"https:\/\/www.gob-digital.mx\/ruc?u=cfditamazula\" target=\"_blank\" rel=\"noreferrer noopener\"><img decoding=\"async\" loading=\"lazy\" src=\"https:\/\/tamazuladegordiano.gob.mx\/new\/wp-content\/uploads\/2025\/01\/facturacion.webp\" alt=\"\" class=\"wp-image-5197\" width=\"228\" height=\"377\" srcset=\"https:\/\/tamazuladegordiano.gob.mx\/new\/wp-content\/uploads\/2025\/01\/facturacion.webp 304w, https:\/\/tamazuladegordiano.gob.mx\/new\/wp-content\/uploads\/2025\/01\/facturacion-181x300.webp 181w\" sizes=\"(max-width: 228px) 100vw, 228px\" \/><\/a><\/figure>\n<\/div>\n\n\n\n<div class=\"wp-block-column is-layout-flow\">\n<figure class=\"wp-block-image aligncenter size-full is-resized\"><a href=\"https:\/\/tamazuladegordiano.gob.mx\/new\/videos-sesiones-ayuntamiento\/\"><img decoding=\"async\" loading=\"lazy\" src=\"https:\/\/tamazuladegordiano.gob.mx\/new\/wp-content\/uploads\/2025\/01\/sesiones.webp\" alt=\"\" class=\"wp-image-5198\" width=\"227\" height=\"377\" srcset=\"https:\/\/tamazuladegordiano.gob.mx\/new\/wp-content\/uploads\/2025\/01\/sesiones.webp 303w, https:\/\/tamazuladegordiano.gob.mx\/new\/wp-content\/uploads\/2025\/01\/sesiones-181x300.webp 181w\" sizes=\"(max-width: 227px) 100vw, 227px\" \/><\/a><\/figure>\n<\/div>\n\n\n\n<div class=\"wp-block-column is-layout-flow\">\n<figure class=\"wp-block-image aligncenter size-full is-resized\"><a href=\"https:\/\/tamazuladegordiano.gob.mx\/new\/quejas-denuncias-y-sugerencias\/\"><img decoding=\"async\" loading=\"lazy\" src=\"https:\/\/tamazuladegordiano.gob.mx\/new\/wp-content\/uploads\/2025\/01\/quejas.webp\" alt=\"\" class=\"wp-image-5199\" width=\"227\" height=\"378\" srcset=\"https:\/\/tamazuladegordiano.gob.mx\/new\/wp-content\/uploads\/2025\/01\/quejas.webp 303w, https:\/\/tamazuladegordiano.gob.mx\/new\/wp-content\/uploads\/2025\/01\/quejas-180x300.webp 180w\" sizes=\"(max-width: 227px) 100vw, 227px\" \/><\/a><\/figure>\n<\/div>\n\n\n\n<div class=\"wp-block-column is-layout-flow\">\n<figure class=\"wp-block-image aligncenter size-full is-resized\"><a href=\"https:\/\/tamazuladegordiano.gob.mx\/new\/transparencia\/micrositio-licitaciones-publicas\/\"><img decoding=\"async\" loading=\"lazy\" src=\"https:\/\/tamazuladegordiano.gob.mx\/new\/wp-content\/uploads\/2025\/01\/licitaciones.webp\" alt=\"\" class=\"wp-image-5200\" width=\"228\" height=\"377\" srcset=\"https:\/\/tamazuladegordiano.gob.mx\/new\/wp-content\/uploads\/2025\/01\/licitaciones.webp 304w, https:\/\/tamazuladegordiano.gob.mx\/new\/wp-content\/uploads\/2025\/01\/licitaciones-181x300.webp 181w\" sizes=\"(max-width: 228px) 100vw, 228px\" \/><\/a><\/figure>\n\n\n\n<p><\/p>\n<\/div>\n<\/div>\n\n\n\n<p class=\"has-text-align-center\"><\/p>\n\n\n\n<hr class=\"wp-block-separator has-alpha-channel-opacity is-style-wide\"\/>\n\n\n\n<p class=\"has-text-align-center\"><\/p>\n\n\n\n<figure class=\"wp-block-image aligncenter size-full is-resized\"><a href=\"https:\/\/tamazuladegordiano.gob.mx\/pdf-transparencia-2026\/licitaciones\/FORMATO%20ALTA%20PARA%20PROVEEDORES.pdf\" target=\"_blank\" rel=\"noreferrer noopener\"><img decoding=\"async\" loading=\"lazy\" src=\"https:\/\/tamazuladegordiano.gob.mx\/new\/wp-content\/uploads\/2026\/01\/formato-alta-proveedores.png\" alt=\"\" class=\"wp-image-6107\" width=\"493\" height=\"146\" srcset=\"https:\/\/tamazuladegordiano.gob.mx\/new\/wp-content\/uploads\/2026\/01\/formato-alta-proveedores.png 986w, https:\/\/tamazuladegordiano.gob.mx\/new\/wp-content\/uploads\/2026\/01\/formato-alta-proveedores-300x89.png 300w, https:\/\/tamazuladegordiano.gob.mx\/new\/wp-content\/uploads\/2026\/01\/formato-alta-proveedores-768x227.png 768w\" sizes=\"(max-width: 493px) 100vw, 493px\" \/><\/a><\/figure>\n\n\n\n<hr class=\"wp-block-separator has-alpha-channel-opacity is-style-wide\"\/>\n\n\n\n<figure class=\"wp-block-image aligncenter size-full is-resized\"><a href=\"https:\/\/tamazuladegordiano.gob.mx\/new\/Gacetas24-27\/gaceta-06-febrero2026.pdf\" target=\"_blank\" rel=\"noreferrer noopener\"><img decoding=\"async\" loading=\"lazy\" src=\"https:\/\/tamazuladegordiano.gob.mx\/new\/wp-content\/uploads\/2026\/04\/Captura-de-pantalla-2026-04-10-133047.png\" alt=\"\" class=\"wp-image-6183\" width=\"405\" height=\"524\" srcset=\"https:\/\/tamazuladegordiano.gob.mx\/new\/wp-content\/uploads\/2026\/04\/Captura-de-pantalla-2026-04-10-133047.png 540w, https:\/\/tamazuladegordiano.gob.mx\/new\/wp-content\/uploads\/2026\/04\/Captura-de-pantalla-2026-04-10-133047-232x300.png 232w\" sizes=\"(max-width: 405px) 100vw, 405px\" \/><\/a><\/figure>\n\n\n\n<hr class=\"wp-block-separator has-alpha-channel-opacity is-style-wide\"\/>\n\n\n\n<div class=\"wp-block-columns has-ast-global-color-5-background-color has-background is-layout-flex wp-container-13\">\n<div class=\"wp-block-column is-layout-flow\">\n<p><\/p>\n\n\n\n<h2 class=\"wp-block-heading has-text-align-center\">Ejerce tu Derecho a la Informaci\u00f3n:<\/h2>\n\n\n\n<figure class=\"wp-block-image aligncenter size-full is-resized\"><img decoding=\"async\" loading=\"lazy\" src=\"https:\/\/tamazuladegordiano.gob.mx\/new\/wp-content\/uploads\/2025\/08\/motor-de-busqueda.gif\" alt=\"\" class=\"wp-image-5875\" width=\"320\" height=\"320\"\/><\/figure>\n\n\n\n<div class=\"wp-block-columns is-layout-flex wp-container-9\">\n<div class=\"wp-block-column is-layout-flow\">\n<figure class=\"wp-block-image aligncenter size-full is-resized\"><a href=\"https:\/\/itei.org.mx\/v4\/\" target=\"_blank\" rel=\"noreferrer noopener\"><img decoding=\"async\" loading=\"lazy\" src=\"http:\/\/tamazuladegordiano.gob.mx\/new\/wp-content\/uploads\/2023\/01\/itei.png\" alt=\"\" class=\"wp-image-3057\" width=\"227\" height=\"114\" srcset=\"https:\/\/tamazuladegordiano.gob.mx\/new\/wp-content\/uploads\/2023\/01\/itei.png 302w, https:\/\/tamazuladegordiano.gob.mx\/new\/wp-content\/uploads\/2023\/01\/itei-300x152.png 300w\" sizes=\"(max-width: 227px) 100vw, 227px\" \/><\/a><\/figure>\n<\/div>\n\n\n\n<div class=\"wp-block-column is-layout-flow\">\n<figure class=\"wp-block-image aligncenter size-full is-resized\"><a href=\"https:\/\/consultapublicamx.plataformadetransparencia.org.mx\/\" target=\"_blank\" rel=\"noreferrer noopener\"><img decoding=\"async\" loading=\"lazy\" src=\"https:\/\/tamazuladegordiano.gob.mx\/new\/wp-content\/uploads\/2023\/11\/boton-pnt.png\" alt=\"\" class=\"wp-image-4363\" width=\"204\" height=\"140\" srcset=\"https:\/\/tamazuladegordiano.gob.mx\/new\/wp-content\/uploads\/2023\/11\/boton-pnt.png 817w, https:\/\/tamazuladegordiano.gob.mx\/new\/wp-content\/uploads\/2023\/11\/boton-pnt-300x205.png 300w, https:\/\/tamazuladegordiano.gob.mx\/new\/wp-content\/uploads\/2023\/11\/boton-pnt-768x525.png 768w\" sizes=\"(max-width: 204px) 100vw, 204px\" \/><\/a><\/figure>\n<\/div>\n<\/div>\n\n\n\n<p><\/p>\n<\/div>\n\n\n\n<div class=\"wp-block-column has-ast-global-color-5-background-color has-background is-layout-flow\">\n<figure class=\"wp-block-image aligncenter size-full is-resized\"><img decoding=\"async\" loading=\"lazy\" src=\"https:\/\/tamazuladegordiano.gob.mx\/new\/wp-content\/uploads\/2025\/08\/logo-ecologia-1.png\" alt=\"\" class=\"wp-image-5767\" width=\"177\" height=\"216\" srcset=\"https:\/\/tamazuladegordiano.gob.mx\/new\/wp-content\/uploads\/2025\/08\/logo-ecologia-1.png 709w, https:\/\/tamazuladegordiano.gob.mx\/new\/wp-content\/uploads\/2025\/08\/logo-ecologia-1-246x300.png 246w\" sizes=\"(max-width: 177px) 100vw, 177px\" \/><\/figure>\n\n\n\n<div class=\"wp-block-group alignfull is-layout-constrained\">\n<h5 class=\"wp-block-heading has-text-align-center\"><a rel=\"noreferrer noopener\" href=\"https:\/\/www.diputados.gob.mx\/LeyesBiblio\/pdf\/LGEEPA.pdf\" target=\"_blank\">LEY GENERAL DEL EQUILIBRIO ECOL\u00d3GICO<br>Y LA PROTECCI\u00d3N AL AMBIENTE<\/a><\/h5>\n\n\n\n<p><\/p>\n\n\n\n<h5 class=\"wp-block-heading has-text-align-center\"><a rel=\"noreferrer noopener\" href=\"https:\/\/unfccc.int\/es\/most-requested\/que-es-el-acuerdo-de-paris\" target=\"_blank\">\u00bfQUE ES EL ACUERDO DE PAR\u00cdS?<\/a><\/h5>\n\n\n\n<p><\/p>\n\n\n\n<h5 class=\"wp-block-heading has-text-align-center\"><a rel=\"noreferrer noopener\" href=\"https:\/\/tamazuladegordiano.gob.mx\/pdf-transparencia\/2022\/agosto\/REGLAMENTO%20DE%20PROTECCION%20AL%20MEDIO%20AMBIENTE%20Y%20CAMBIO%20CLIMATICO%20DEL%20MUNICIPIO%20DE%20TAMAZULA%20DE%20GORDIANO.pdf\" target=\"_blank\">REGLAMENTO DE PROTECCI\u00d3N AL<br>MEDIO AMBIENTE Y CAMBIO CLIM\u00c1TICO<br>DEL MUNICIPIO DETAMAZULA DE GORDIANO, JAL.<\/a><\/h5>\n<\/div>\n<\/div>\n<\/div>\n\n\n\n<hr class=\"wp-block-separator has-alpha-channel-opacity is-style-wide\"\/>\n\n\n\n<div class=\"wp-block-columns has-ast-global-color-5-color has-ast-global-color-5-background-color has-text-color has-background is-layout-flex wp-container-15\" style=\"padding-top:0;padding-right:0;padding-bottom:0;padding-left:0\">\n<div class=\"wp-block-column is-layout-flow\">\n<p>Ejerce asassasa<\/p>\n<\/div>\n<\/div>\n\n\n\n<p><\/p>\n\n\n\n<p><\/p>\n\n\n\n<p><\/p>\n\n\n\n<div class=\"wp-block-group alignfull has-background-color has-white-color has-luminous-vivid-amber-to-luminous-vivid-orange-gradient-background has-text-color has-background has-link-color has-medium-font-size wp-elements-cc2055bff1bd9c09811dc7033d76b44d is-layout-constrained wp-container-20\" style=\"min-height:40vh;margin-top:0;margin-bottom:0;padding-top:var(--wp--preset--spacing--60);padding-right:var(--wp--preset--spacing--40);padding-bottom:var(--wp--preset--spacing--60);padding-left:var(--wp--preset--spacing--40)\">\n<div class=\"wp-block-columns alignwide has-small-font-size is-layout-flex wp-container-19\">\n<div class=\"wp-block-column is-layout-flow\">\n<h2 class=\"wp-block-heading has-text-align-center has-ast-global-color-5-color has-text-color\">Presidencia MunicipaL:<\/h2>\n\n\n\n<h5 class=\"wp-block-heading has-text-align-center\"><strong>Ram\u00f3n Corona No. 32 Sur<br>Tamazula de Gordiano, Jalisco.<br>C.P. 49650 Telefono: 358 103 0000<\/strong><\/h5>\n\n\n\n<iframe src=\"https:\/\/www.google.com\/maps\/embed?pb=!1m18!1m12!1m3!1d5958.1626428503105!2d-103.25681742320374!3d19.67550708165642!2m3!1f0!2f0!3f0!3m2!1i1024!2i768!4f13.1!3m3!1m2!1s0x842f9991e2d5c101%3A0x9d0b57c9340f4676!2sPalacio%20Municipal%20de%20Tamazula%20de%20Gordiano!5e1!3m2!1ses!2smx!4v1754673662438!5m2!1ses!2smx\" width=\"400\" height=\"220\" style=\"border:0;\" allowfullscreen=\"\" loading=\"lazy\" referrerpolicy=\"no-referrer-when-downgrade\"><\/iframe>\n\n\n\n<div style=\"height:24px\" aria-hidden=\"true\" class=\"wp-block-spacer\"><\/div>\n<\/div>\n\n\n\n<div class=\"wp-block-column is-layout-flow\">\n<h2 class=\"wp-block-heading has-text-align-center\">Lo m\u00e1s buscado:<\/h2>\n\n\n\n<h5 class=\"wp-block-heading\"><a href=\"https:\/\/tamazuladegordiano.gob.mx\/new\/transparencia\/nominas\">Nomina Ayuntamiento<\/a><\/h5>\n\n\n\n<h4 class=\"wp-block-heading\"><br><a href=\"https:\/\/tamazuladegordiano.gob.mx\/new\/gaceta-municipal\/gacetas-municipales\">Gacetas Municipales<\/a><\/h4>\n\n\n\n<h5 class=\"wp-block-heading\"><br><a href=\"https:\/\/tamazuladegordiano.gob.mx\/new\/quejas-denuncias-y-sugerencias\">Quejas, Denuncias y Sugerencias<\/a><\/h5>\n\n\n\n<p><\/p>\n\n\n\n<h5 class=\"wp-block-heading\"><a href=\"https:\/\/tamazuladegordiano.gob.mx\/pdf-transparencia-2025\/aviso%20privacidad\/AVISO%20DE%20PRIVACIDAD%20INTEGRAL.pdf\" target=\"_blank\" rel=\"noreferrer noopener\">Aviso de Privacidad<\/a><\/h5>\n\n\n\n<p><\/p>\n\n\n\n<div style=\"height:24px\" aria-hidden=\"true\" class=\"wp-block-spacer\"><\/div>\n<\/div>\n\n\n\n<div class=\"wp-block-column is-layout-flow\">\n<h2 class=\"wp-block-heading has-text-align-center\">Telefonos de Emergencia:<\/h2>\n\n\n\n<h5 class=\"wp-block-heading\">Presidencia: 103 0000 al 09<\/h5>\n\n\n\n<h5 class=\"wp-block-heading\">DIF y UBR 358 4161770<\/h5>\n\n\n\n<h5 class=\"wp-block-heading\">Seguridad P\u00fablica 358 4160078<\/h5>\n\n\n\n<h5 class=\"wp-block-heading\">Protecci\u00f3n Civil 358 4166161<\/h5>\n\n\n\n<h5 class=\"wp-block-heading\">Transito y Vialidad Municipal 358 4160609<\/h5>\n\n\n\n<h5 class=\"wp-block-heading\">CADI 358 4163412<\/h5>\n\n\n\n<h5 class=\"wp-block-heading\">Casa de la Cultura y Museo H. Zaizar <br>358 4163444<\/h5>\n\n\n\n<h5 class=\"wp-block-heading\">Archivo Municipal 358 416747<\/h5>\n\n\n\n<h5 class=\"wp-block-heading\">Biblioteca Benem\u00e9rito de las Americas <br>358 4162424<\/h5>\n\n\n\n<p><\/p>\n\n\n\n<p><\/p>\n\n\n\n<ul>\n<li><\/li>\n<\/ul>\n\n\n\n<div style=\"height:24px\" aria-hidden=\"true\" class=\"wp-block-spacer\"><\/div>\n<\/div>\n<\/div>\n<\/div>\n","protected":false},"excerpt":{"rendered":"<p>Ejerce tu Derecho a la Informaci\u00f3n: LEY GENERAL DEL EQUILIBRIO ECOL\u00d3GICOY LA PROTECCI\u00d3N AL AMBIENTE \u00bfQUE ES EL ACUERDO DE [&hellip;]<\/p>\n","protected":false},"author":1,"featured_media":0,"parent":2128,"menu_order":0,"comment_status":"closed","ping_status":"closed","template":"","meta":{"site-sidebar-layout":"default","site-content-layout":"","ast-site-content-layout":"default","site-content-style":"default","site-sidebar-style":"default","ast-global-header-display":"","ast-banner-title-visibility":"","ast-main-header-display":"","ast-hfb-above-header-display":"","ast-hfb-below-header-display":"","ast-hfb-mobile-header-display":"","site-post-title":"disabled","ast-breadcrumbs-content":"","ast-featured-img":"","footer-sml-layout":"","ast-disable-related-posts":"","theme-transparent-header-meta":"","adv-header-id-meta":"","stick-header-meta":"","header-above-stick-meta":"","header-main-stick-meta":"","header-below-stick-meta":"","astra-migrate-meta-layouts":"set","ast-page-background-enabled":"default","ast-page-background-meta":{"desktop":{"background-color":"","background-image":"","background-repeat":"repeat","background-position":"center center","background-size":"auto","background-attachment":"scroll","background-type":"","background-media":"","overlay-type":"","overlay-color":"","overlay-opacity":"","overlay-gradient":""},"tablet":{"background-color":"","background-image":"","background-repeat":"repeat","background-position":"center center","background-size":"auto","background-attachment":"scroll","background-type":"","background-media":"","overlay-type":"","overlay-color":"","overlay-opacity":"","overlay-gradient":""},"mobile":{"background-color":"","background-image":"","background-repeat":"repeat","background-position":"center center","background-size":"auto","background-attachment":"scroll","background-type":"","background-media":"","overlay-type":"","overlay-color":"","overlay-opacity":"","overlay-gradient":""}},"ast-content-background-meta":{"desktop":{"background-color":"var(--ast-global-color-5)","background-image":"","background-repeat":"repeat","background-position":"center center","background-size":"auto","background-attachment":"scroll","background-type":"","background-media":"","overlay-type":"","overlay-color":"","overlay-opacity":"","overlay-gradient":""},"tablet":{"background-color":"var(--ast-global-color-5)","background-image":"","background-repeat":"repeat","background-position":"center center","background-size":"auto","background-attachment":"scroll","background-type":"","background-media":"","overlay-type":"","overlay-color":"","overlay-opacity":"","overlay-gradient":""},"mobile":{"background-color":"var(--ast-global-color-5)","background-image":"","background-repeat":"repeat","background-position":"center center","background-size":"auto","background-attachment":"scroll","background-type":"","background-media":"","overlay-type":"","overlay-color":"","overlay-opacity":"","overlay-gradient":""}}},"_links":{"self":[{"href":"https:\/\/tamazuladegordiano.gob.mx\/new\/wp-json\/wp\/v2\/pages\/2488"}],"collection":[{"href":"https:\/\/tamazuladegordiano.gob.mx\/new\/wp-json\/wp\/v2\/pages"}],"about":[{"href":"https:\/\/tamazuladegordiano.gob.mx\/new\/wp-json\/wp\/v2\/types\/page"}],"author":[{"embeddable":true,"href":"https:\/\/tamazuladegordiano.gob.mx\/new\/wp-json\/wp\/v2\/users\/1"}],"replies":[{"embeddable":true,"href":"https:\/\/tamazuladegordiano.gob.mx\/new\/wp-json\/wp\/v2\/comments?post=2488"}],"version-history":[{"count":355,"href":"https:\/\/tamazuladegordiano.gob.mx\/new\/wp-json\/wp\/v2\/pages\/2488\/revisions"}],"predecessor-version":[{"id":6186,"href":"https:\/\/tamazuladegordiano.gob.mx\/new\/wp-json\/wp\/v2\/pages\/2488\/revisions\/6186"}],"up":[{"embeddable":true,"href":"https:\/\/tamazuladegordiano.gob.mx\/new\/wp-json\/wp\/v2\/pages\/2128"}],"wp:attachment":[{"href":"https:\/\/tamazuladegordiano.gob.mx\/new\/wp-json\/wp\/v2\/media?parent=2488"}],"curies":[{"name":"wp","href":"https:\/\/api.w.org\/{rel}","templated":true}]}}